{"id":100,"date":"2025-11-04T11:18:34","date_gmt":"2025-11-04T10:18:34","guid":{"rendered":"https:\/\/gradomarketing.umh.es\/?page_id=100"},"modified":"2025-11-04T11:22:46","modified_gmt":"2025-11-04T10:22:46","slug":"informacion-academica","status":"publish","type":"page","link":"https:\/\/gradomarketing.umh.es\/ca\/informacion-academica\/","title":{"rendered":"<span lang=\"es\">(Espa\u00f1ol) Informaci\u00f3n acad\u00e9mica<\/span>"},"content":{"rendered":"<p class=\"qtranxs-available-languages-message qtranxs-available-languages-message-ca\">Ho sentim, aquesta entrada es troba disponible \u00fanicament en <a href=\"https:\/\/gradomarketing.umh.es\/es\/wp-json\/wp\/v2\/pages\/100\" class=\"qtranxs-available-language-link qtranxs-available-language-link-es\" title=\"Espa\u00f1ol\">Espanyol Europeu<\/a>.<\/p>","protected":false},"excerpt":{"rendered":"<p>Ho sentim, aquesta entrada es troba disponible \u00fanicament en Espanyol Europeu.<\/p>\n","protected":false},"author":17796,"featured_media":0,"parent":0,"menu_order":1,"comment_status":"closed","ping_status":"closed","template":"","meta":{"_links_to":"","_links_to_target":""},"_links":{"self":[{"href":"https:\/\/gradomarketing.umh.es\/ca\/wp-json\/wp\/v2\/pages\/100"}],"collection":[{"href":"https:\/\/gradomarketing.umh.es\/ca\/wp-json\/wp\/v2\/pages"}],"about":[{"href":"https:\/\/gradomarketing.umh.es\/ca\/wp-json\/wp\/v2\/types\/page"}],"author":[{"embeddable":true,"href":"https:\/\/gradomarketing.umh.es\/ca\/wp-json\/wp\/v2\/users\/17796"}],"replies":[{"embeddable":true,"href":"https:\/\/gradomarketing.umh.es\/ca\/wp-json\/wp\/v2\/comments?post=100"}],"version-history":[{"count":0,"href":"https:\/\/gradomarketing.umh.es\/ca\/wp-json\/wp\/v2\/pages\/100\/revisions"}],"wp:attachment":[{"href":"https:\/\/gradomarketing.umh.es\/ca\/wp-json\/wp\/v2\/media?parent=100"}],"curies":[{"name":"wp","href":"https:\/\/api.w.org\/{rel}","templated":true}]}}