{"id":106,"date":"2025-11-04T11:36:00","date_gmt":"2025-11-04T10:36:00","guid":{"rendered":"https:\/\/gradomarketing.umh.es\/?page_id=106"},"modified":"2025-11-07T10:09:01","modified_gmt":"2025-11-07T09:09:01","slug":"calendario-academico-25-26-horarios-y-examenes","status":"publish","type":"page","link":"https:\/\/gradomarketing.umh.es\/ca\/informacion-academica\/calendario-academico-25-26-horarios-y-examenes\/","title":{"rendered":"<span lang=\"es\">(Espa\u00f1ol) Calendario acad\u00e9mico 25-26: horarios y ex\u00e1menes<\/span>"},"content":{"rendered":"<p class=\"qtranxs-available-languages-message qtranxs-available-languages-message-ca\">Ho sentim, aquesta entrada es troba disponible \u00fanicament en <a href=\"https:\/\/gradomarketing.umh.es\/es\/wp-json\/wp\/v2\/pages\/106\" class=\"qtranxs-available-language-link qtranxs-available-language-link-es\" title=\"Espa\u00f1ol\">Espanyol Europeu<\/a>.<\/p>","protected":false},"excerpt":{"rendered":"<p>Ho sentim, aquesta entrada es troba disponible \u00fanicament en Espanyol Europeu.<\/p>\n","protected":false},"author":17796,"featured_media":0,"parent":100,"menu_order":0,"comment_status":"closed","ping_status":"closed","template":"","meta":{"_links_to":"","_links_to_target":""},"_links":{"self":[{"href":"https:\/\/gradomarketing.umh.es\/ca\/wp-json\/wp\/v2\/pages\/106"}],"collection":[{"href":"https:\/\/gradomarketing.umh.es\/ca\/wp-json\/wp\/v2\/pages"}],"about":[{"href":"https:\/\/gradomarketing.umh.es\/ca\/wp-json\/wp\/v2\/types\/page"}],"author":[{"embeddable":true,"href":"https:\/\/gradomarketing.umh.es\/ca\/wp-json\/wp\/v2\/users\/17796"}],"replies":[{"embeddable":true,"href":"https:\/\/gradomarketing.umh.es\/ca\/wp-json\/wp\/v2\/comments?post=106"}],"version-history":[{"count":0,"href":"https:\/\/gradomarketing.umh.es\/ca\/wp-json\/wp\/v2\/pages\/106\/revisions"}],"up":[{"embeddable":true,"href":"https:\/\/gradomarketing.umh.es\/ca\/wp-json\/wp\/v2\/pages\/100"}],"wp:attachment":[{"href":"https:\/\/gradomarketing.umh.es\/ca\/wp-json\/wp\/v2\/media?parent=106"}],"curies":[{"name":"wp","href":"https:\/\/api.w.org\/{rel}","templated":true}]}}